{"id":17,"date":"2013-04-07T08:39:06","date_gmt":"2013-04-07T08:39:06","guid":{"rendered":"http:\/\/demo.hermesthemes.com\/metropolis\/?page_id=17"},"modified":"2020-11-25T21:41:47","modified_gmt":"2020-11-25T20:41:47","slug":"lage_anfahrt","status":"publish","type":"page","link":"https:\/\/tina-am-see.de\/wpe\/lage_anfahrt\/","title":{"rendered":"Lage &#038; Anfahrt"},"content":{"rendered":"<p><strong>So finden Sie uns:<\/strong><\/p>\n<p>Schliersee liegt ca. 50 Km s\u00fcdlich von M\u00fcnchen. Kommend von der Autobahn A8 M\u00fcnchen-Salzburg, nehmen Sie die Ausfahrt Weyarn, dann in Richtung Miesbach, immer gerade aus halten, durch Miesbach, Agatharied, Hausham, und schlie\u00dflich nach Schliersee.<\/p>\n<p>Nach dem Fu\u00dfg\u00e4nger\u00fcberweg und vor der Eisdiele &#8222;Al Lago&#8220; rechts abbiegen und der Stra\u00dfe folgen. Sie finden uns unmittelbar im Anschluss auf der linken Seite.<\/p>\n<p><iframe loading=\"lazy\" style=\"border: 0;\" tabindex=\"0\" src=\"https:\/\/www.google.com\/maps\/embed?pb=!1m18!1m12!1m3!1d2683.4964275537013!2d11.863253751296442!3d47.733021987127124!2m3!1f0!2f0!3f0!3m2!1i1024!2i768!4f13.1!3m3!1m2!1s0x479d8a4ff03faac1%3A0x6c9404f59bd16835!2sSeestra%C3%9Fe%208%2C%2083727%20Schliersee!5e0!3m2!1sde!2sde!4v1606336832710!5m2!1sde!2sde\" width=\"600\" height=\"450\" frameborder=\"0\" allowfullscreen=\"allowfullscreen\" aria-hidden=\"false\"><\/iframe><\/p>\n","protected":false},"excerpt":{"rendered":"<p>So finden Sie uns: Schliersee liegt ca. 50 Km s\u00fcdlich von M\u00fcnchen. Kommend von der Autobahn A8 M\u00fcnchen-Salzburg, nehmen Sie die Ausfahrt Weyarn, dann in Richtung Miesbach, immer gerade aus halten, durch Miesbach, Agatharied, Hausham, und schlie\u00dflich nach Schliersee. Nach [&hellip;]<\/p>\n","protected":false},"author":1,"featured_media":0,"parent":0,"menu_order":0,"comment_status":"closed","ping_status":"closed","template":"","meta":{"footnotes":""},"class_list":["post-17","page","type-page","status-publish","hentry"],"_links":{"self":[{"href":"https:\/\/tina-am-see.de\/wpe\/wp-json\/wp\/v2\/pages\/17","targetHints":{"allow":["GET"]}}],"collection":[{"href":"https:\/\/tina-am-see.de\/wpe\/wp-json\/wp\/v2\/pages"}],"about":[{"href":"https:\/\/tina-am-see.de\/wpe\/wp-json\/wp\/v2\/types\/page"}],"author":[{"embeddable":true,"href":"https:\/\/tina-am-see.de\/wpe\/wp-json\/wp\/v2\/users\/1"}],"replies":[{"embeddable":true,"href":"https:\/\/tina-am-see.de\/wpe\/wp-json\/wp\/v2\/comments?post=17"}],"version-history":[{"count":3,"href":"https:\/\/tina-am-see.de\/wpe\/wp-json\/wp\/v2\/pages\/17\/revisions"}],"predecessor-version":[{"id":2150,"href":"https:\/\/tina-am-see.de\/wpe\/wp-json\/wp\/v2\/pages\/17\/revisions\/2150"}],"wp:attachment":[{"href":"https:\/\/tina-am-see.de\/wpe\/wp-json\/wp\/v2\/media?parent=17"}],"curies":[{"name":"wp","href":"https:\/\/api.w.org\/{rel}","templated":true}]}}