{"id":246,"date":"2014-03-25T20:35:04","date_gmt":"2014-03-25T20:35:04","guid":{"rendered":"http:\/\/demo.hermesthemes.com\/belafonte\/?page_id=246"},"modified":"2017-03-05T12:06:49","modified_gmt":"2017-03-05T11:06:49","slug":"sommerfrische","status":"publish","type":"page","link":"https:\/\/tina-am-see.de\/wpe\/sommerfrische\/","title":{"rendered":"Sommerfrische"},"content":{"rendered":"<p>Ob Gro\u00df oder Klein, Jung oder Junggeblieben, unsere Region\u00a0bietet Spa\u00df und Bewegung f\u00fcr die ganze Familie\u00a0\u2013 zu jeder Jahreszeit.<\/p>\n<p>Es erwarten Sie imposante Berg- und Talblicke rund um Schliersee, Wendelstein und Tegernsee, eine intakte Natur und v\u00f6llige Ruhe sowie urige H\u00fctten und Almen, glitzernde Seen, aussichtsreiche Gipfel.<\/p>\n<p>Rund um den Tegernsee finden Golfbegeisterte ein wahres Golf-Eldorado.\u00a0Mit mehreren anspruchsvollen 18-Loch-Golfpl\u00e4tzen, einem 6-Loch-Kurzplatz f\u00fcr Anf\u00e4nger sowie einer weitfl\u00e4chigen Driving Range sind die Bedingungen im Voralpenland geradezu paradiesisch.<\/p>\n<p>Auch f\u00fcr die ganz Kleinen soll keine Langeweile aufkommen.\u00a0Frei nach Abenteuerlust, Alter und Nervenkitzel-Bereitschaft&#8230; ist ein umfangreiches Freizeitprogramm vorzufinden.<\/p>\n","protected":false},"excerpt":{"rendered":"<p>Ob Gro\u00df oder Klein, Jung oder Junggeblieben, unsere Region\u00a0bietet Spa\u00df und Bewegung f\u00fcr die ganze Familie\u00a0\u2013 zu jeder Jahreszeit. Es erwarten Sie imposante Berg- und Talblicke rund um Schliersee, Wendelstein und Tegernsee, eine intakte Natur und v\u00f6llige Ruhe sowie urige [&hellip;]<\/p>\n","protected":false},"author":1,"featured_media":992,"parent":0,"menu_order":0,"comment_status":"open","ping_status":"open","template":"page-templates\/attractions.php","meta":{"footnotes":""},"class_list":["post-246","page","type-page","status-publish","has-post-thumbnail","hentry"],"_links":{"self":[{"href":"https:\/\/tina-am-see.de\/wpe\/wp-json\/wp\/v2\/pages\/246","targetHints":{"allow":["GET"]}}],"collection":[{"href":"https:\/\/tina-am-see.de\/wpe\/wp-json\/wp\/v2\/pages"}],"about":[{"href":"https:\/\/tina-am-see.de\/wpe\/wp-json\/wp\/v2\/types\/page"}],"author":[{"embeddable":true,"href":"https:\/\/tina-am-see.de\/wpe\/wp-json\/wp\/v2\/users\/1"}],"replies":[{"embeddable":true,"href":"https:\/\/tina-am-see.de\/wpe\/wp-json\/wp\/v2\/comments?post=246"}],"version-history":[{"count":10,"href":"https:\/\/tina-am-see.de\/wpe\/wp-json\/wp\/v2\/pages\/246\/revisions"}],"predecessor-version":[{"id":1675,"href":"https:\/\/tina-am-see.de\/wpe\/wp-json\/wp\/v2\/pages\/246\/revisions\/1675"}],"wp:featuredmedia":[{"embeddable":true,"href":"https:\/\/tina-am-see.de\/wpe\/wp-json\/wp\/v2\/media\/992"}],"wp:attachment":[{"href":"https:\/\/tina-am-see.de\/wpe\/wp-json\/wp\/v2\/media?parent=246"}],"curies":[{"name":"wp","href":"https:\/\/api.w.org\/{rel}","templated":true}]}}