{"id":29,"date":"2013-04-07T08:43:41","date_gmt":"2013-04-07T08:43:41","guid":{"rendered":"http:\/\/demo.hermesthemes.com\/metropolis\/?page_id=29"},"modified":"2021-04-22T19:30:29","modified_gmt":"2021-04-22T17:30:29","slug":"herzlich_willkommen","status":"publish","type":"page","link":"https:\/\/tina-am-see.de\/wpe\/herzlich_willkommen\/","title":{"rendered":"Herzlich Willkommen"},"content":{"rendered":"<p>&nbsp;<\/p>\n<p><strong>&#8222;Ferienhaus Tina am See&#8220;- wo ihr Urlaub beginnt.<\/strong><\/p>\n<p>Herzlich willkommen in unserem Ferienhaus das mitten im Ort jedoch v\u00f6llig ruhig direkt am See liegt.<\/p>\n<p>Wir bieten Ihnen liebevoll ausgestattete und komfortabel eingerichtete Appartements f\u00fcr 2 bis 4 Personen sowie h\u00fcbsche und gem\u00fctliche Doppel- und Einzelzimmer an.<\/p>\n<p>In unserem idyllischen Garten mit eigenem Badestrand k\u00f6nnen Sie wundervolle Sonnenstunden verbringen und die Seele baumeln lassen &#8211; der Blick auf See und Berge ist einzigartig sch\u00f6n.<\/p>\n<p>Superm\u00e4rkte, Caf\u00e9s, Fr\u00fchst\u00fccksm\u00f6glichkeiten und Restaurants sind fu\u00dfl\u00e4ufig in unmittelbarer N\u00e4he. Parkpl\u00e4tze sind direkt am Haus.<\/p>\n<p><strong>Wir freuen uns auf Sie!<\/strong><\/p>\n","protected":false},"excerpt":{"rendered":"<p>&nbsp; &#8222;Ferienhaus Tina am See&#8220;- wo ihr Urlaub beginnt. Herzlich willkommen in unserem Ferienhaus das mitten im Ort jedoch v\u00f6llig ruhig direkt am See liegt. Wir bieten Ihnen liebevoll ausgestattete und komfortabel eingerichtete Appartements f\u00fcr 2 bis 4 Personen sowie [&hellip;]<\/p>\n","protected":false},"author":1,"featured_media":279,"parent":0,"menu_order":0,"comment_status":"closed","ping_status":"closed","template":"","meta":{"footnotes":""},"class_list":["post-29","page","type-page","status-publish","has-post-thumbnail","hentry"],"_links":{"self":[{"href":"https:\/\/tina-am-see.de\/wpe\/wp-json\/wp\/v2\/pages\/29","targetHints":{"allow":["GET"]}}],"collection":[{"href":"https:\/\/tina-am-see.de\/wpe\/wp-json\/wp\/v2\/pages"}],"about":[{"href":"https:\/\/tina-am-see.de\/wpe\/wp-json\/wp\/v2\/types\/page"}],"author":[{"embeddable":true,"href":"https:\/\/tina-am-see.de\/wpe\/wp-json\/wp\/v2\/users\/1"}],"replies":[{"embeddable":true,"href":"https:\/\/tina-am-see.de\/wpe\/wp-json\/wp\/v2\/comments?post=29"}],"version-history":[{"count":8,"href":"https:\/\/tina-am-see.de\/wpe\/wp-json\/wp\/v2\/pages\/29\/revisions"}],"predecessor-version":[{"id":2673,"href":"https:\/\/tina-am-see.de\/wpe\/wp-json\/wp\/v2\/pages\/29\/revisions\/2673"}],"wp:featuredmedia":[{"embeddable":true,"href":"https:\/\/tina-am-see.de\/wpe\/wp-json\/wp\/v2\/media\/279"}],"wp:attachment":[{"href":"https:\/\/tina-am-see.de\/wpe\/wp-json\/wp\/v2\/media?parent=29"}],"curies":[{"name":"wp","href":"https:\/\/api.w.org\/{rel}","templated":true}]}}