{"id":32,"date":"2013-04-07T08:44:20","date_gmt":"2013-04-07T08:44:20","guid":{"rendered":"http:\/\/demo.hermesthemes.com\/metropolis\/?page_id=32"},"modified":"2022-08-22T21:08:56","modified_gmt":"2022-08-22T19:08:56","slug":"wellness-spa","status":"publish","type":"page","link":"https:\/\/tina-am-see.de\/wpe\/wellness-spa\/","title":{"rendered":"Wellness &#038; SPA"},"content":{"rendered":"<p>K\u00f6rper und Geist in Einklang zu bringen, Stress und Hektik aus dem Alltag zu entfliehen, sich verw\u00f6hnen und zur Ruhe finden- neben Sport, Landschaft und Natur empfehlen\u00a0wir folgendes Angebot &#8211; welches sich in unmittelbarer N\u00e4he befindet:<\/p>\n<p><strong>Vitalwelt Schliersee<br \/>\n<\/strong>Umringt von traumhafter Berglandschaft und direkt am malerischen Ufer des Schliersees gelegen macht\u00a0es die vitalwelt schliersee einem wahrlich leicht, aus der F\u00fclle der zahlreichen Angebote das Richtige f\u00fcr sich und den eigenen K\u00f6rper zu finden. Auf \u00fcber 9.500 qm vereinen sich modernste Einrichtungen rund um Baden, Sauna, Wellness, Gesundheit, Fitness und Sport.<\/p>\n<p>weitere Informationen zum Angebot\u00a0in der Vitalwelt unter:<br \/>\n<a href=\"http:\/\/www.monte-mare.de\/de\/schliersee.html\">Monte Mare (Baden, Sauna, Wellness)<\/a><br \/>\n<a href=\"http:\/\/www.monte-mare.de\/de\/schliersee_wellnessbeauty_q_a-2764.html\">Monte Mare (Beauty)<\/a><br \/>\n<a href=\"http:\/\/www.medius-fitness.de\/\">Medius (Fitness, Sport)<\/a><\/p>\n<p><strong>pure by marlene<\/strong><br \/>\nMarlene Hechenberger<br \/>\nMiesbacher Stra\u00dfe 3<br \/>\n83727 Schliersee<br \/>\nTel.: 08026 \/ 928 96 69<br \/>\n<a href=\"http:\/\/pure-marlene.de\/\">pure-marlene.de<\/a><\/p>\n<p><strong>Parf\u00fcmerie Winkel<\/strong><br \/>\nBarbara Winkel<br \/>\nBahnhofstr. 3c<br \/>\n83727 Schliersee<br \/>\nTel.: 08026 \/ 67 45<br \/>\n<a href=\"http:\/\/www.parfuemerie-winkel.de\/index.php\/kosmetik-institut.html\">www.parfuemerie-winkel.de<\/a><\/p>\n","protected":false},"excerpt":{"rendered":"<p>K\u00f6rper und Geist in Einklang zu bringen, Stress und Hektik aus dem Alltag zu entfliehen, sich verw\u00f6hnen und zur Ruhe finden- neben Sport, Landschaft und Natur empfehlen\u00a0wir folgendes Angebot &#8211; welches sich in unmittelbarer N\u00e4he befindet: Vitalwelt Schliersee Umringt von [&hellip;]<\/p>\n","protected":false},"author":1,"featured_media":0,"parent":0,"menu_order":0,"comment_status":"closed","ping_status":"closed","template":"","meta":{"footnotes":""},"class_list":["post-32","page","type-page","status-publish","hentry"],"_links":{"self":[{"href":"https:\/\/tina-am-see.de\/wpe\/wp-json\/wp\/v2\/pages\/32","targetHints":{"allow":["GET"]}}],"collection":[{"href":"https:\/\/tina-am-see.de\/wpe\/wp-json\/wp\/v2\/pages"}],"about":[{"href":"https:\/\/tina-am-see.de\/wpe\/wp-json\/wp\/v2\/types\/page"}],"author":[{"embeddable":true,"href":"https:\/\/tina-am-see.de\/wpe\/wp-json\/wp\/v2\/users\/1"}],"replies":[{"embeddable":true,"href":"https:\/\/tina-am-see.de\/wpe\/wp-json\/wp\/v2\/comments?post=32"}],"version-history":[{"count":8,"href":"https:\/\/tina-am-see.de\/wpe\/wp-json\/wp\/v2\/pages\/32\/revisions"}],"predecessor-version":[{"id":2714,"href":"https:\/\/tina-am-see.de\/wpe\/wp-json\/wp\/v2\/pages\/32\/revisions\/2714"}],"wp:attachment":[{"href":"https:\/\/tina-am-see.de\/wpe\/wp-json\/wp\/v2\/media?parent=32"}],"curies":[{"name":"wp","href":"https:\/\/api.w.org\/{rel}","templated":true}]}}