{"id":367,"date":"2017-02-11T21:26:30","date_gmt":"2017-02-11T20:26:30","guid":{"rendered":"http:\/\/ght-web.siteos.de\/wpe\/?page_id=367"},"modified":"2017-02-28T14:17:14","modified_gmt":"2017-02-28T13:17:14","slug":"winterzauber","status":"publish","type":"page","link":"https:\/\/tina-am-see.de\/wpe\/winterzauber\/","title":{"rendered":"Winterzauber"},"content":{"rendered":"<p>Ob Gro\u00df oder Klein, Jung oder Junggeblieben, unsere Ferienregion bietet Spa\u00df und Bewegung f\u00fcr die ganze Familie &#8211; zu jeder Jahreszeit.<\/p>\n<p>Im Winter sind bei ausreichend Schnee fast unbegrenzte M\u00f6glichkeiten an Freizeitaktivit\u00e4ten geboten, um nur einige Beispiele zu nennen: Langlauf, Rodeln, Snowboard und Skifahren (Aplin, Tourengehen, Freeriden), Schlittschuhlaufen, Schneeschuhwandern<\/p>\n<p>\u00dcberzeugen Sie sich auf den nachfolgenden Seiten selbst und lassen Sie sich Inspirieren, ein Bild sagt mehr als tausend Worte!<\/p>\n<p>&nbsp;<\/p>\n","protected":false},"excerpt":{"rendered":"<p>Ob Gro\u00df oder Klein, Jung oder Junggeblieben, unsere Ferienregion bietet Spa\u00df und Bewegung f\u00fcr die ganze Familie &#8211; zu jeder Jahreszeit. Im Winter sind bei ausreichend Schnee fast unbegrenzte M\u00f6glichkeiten an Freizeitaktivit\u00e4ten geboten, um nur einige Beispiele zu nennen: Langlauf, [&hellip;]<\/p>\n","protected":false},"author":1,"featured_media":0,"parent":0,"menu_order":0,"comment_status":"closed","ping_status":"closed","template":"page-templates\/attractions.php","meta":{"footnotes":""},"class_list":["post-367","page","type-page","status-publish","hentry"],"_links":{"self":[{"href":"https:\/\/tina-am-see.de\/wpe\/wp-json\/wp\/v2\/pages\/367","targetHints":{"allow":["GET"]}}],"collection":[{"href":"https:\/\/tina-am-see.de\/wpe\/wp-json\/wp\/v2\/pages"}],"about":[{"href":"https:\/\/tina-am-see.de\/wpe\/wp-json\/wp\/v2\/types\/page"}],"author":[{"embeddable":true,"href":"https:\/\/tina-am-see.de\/wpe\/wp-json\/wp\/v2\/users\/1"}],"replies":[{"embeddable":true,"href":"https:\/\/tina-am-see.de\/wpe\/wp-json\/wp\/v2\/comments?post=367"}],"version-history":[{"count":10,"href":"https:\/\/tina-am-see.de\/wpe\/wp-json\/wp\/v2\/pages\/367\/revisions"}],"predecessor-version":[{"id":1625,"href":"https:\/\/tina-am-see.de\/wpe\/wp-json\/wp\/v2\/pages\/367\/revisions\/1625"}],"wp:attachment":[{"href":"https:\/\/tina-am-see.de\/wpe\/wp-json\/wp\/v2\/media?parent=367"}],"curies":[{"name":"wp","href":"https:\/\/api.w.org\/{rel}","templated":true}]}}