{"id":376,"date":"2017-02-11T21:36:14","date_gmt":"2017-02-11T20:36:14","guid":{"rendered":"http:\/\/ght-web.siteos.de\/wpe\/?page_id=376"},"modified":"2021-04-23T21:14:29","modified_gmt":"2021-04-23T19:14:29","slug":"einzelzimmer-komfort","status":"publish","type":"page","link":"https:\/\/tina-am-see.de\/wpe\/wohneinheiten\/einzelzimmer-komfort\/","title":{"rendered":"Einzelzimmer &#8222;Westerberg&#8220;"},"content":{"rendered":"<p><span style=\"font-size: 10pt;\">F\u00fcr 1-2 Personen (ca. 15 m\u00b2)<\/span><\/p>\n<p><span style=\"font-size: 10pt;\">das Zimmer liegt im Erdgeschoss und bietet Seeblick. Der Zugang erfolgt durch eine eigene Eingangst\u00fcre direkt vom Au\u00dfenbereich. Es ist ausgestattet mit einem Doppelbett (Breite 1,40 m), Bad mit Du\/WC, Haarf\u00f6n, Sitzgelegenheit, TV und kostenfreiem W-Lan.<\/span><\/p>\n<p><span style=\"font-size: 10pt;\">Es gibt keine Terrasse, es befindet sich jedoch vor dem Eingang der Wohneinheit ein kleiner Tisch mit St\u00fchlen. Unsere G\u00e4ste nutzen diesen Platz auch zum Fr\u00fchst\u00fccken oder abends zum Verweilen.\u00a0<\/span><\/p>\n<p><span style=\"font-size: 10pt;\">Das Zimmer verf\u00fcgt \u00fcber Minik\u00fchlschrank, Wasserkocher sowie Kaffeemaschine. Gerne stellen wir Ihnen auch auf Wunsch Teller, Gl\u00e4ser und Besteck zum Fr\u00fchst\u00fccken zur Verf\u00fcgung.<\/span><\/p>\n<p><span style=\"font-size: 10pt;\">Preis ab \u20ac 50,-<\/span><\/p>\n<p><span style=\"font-size: 10pt;\">Grundriss:<\/span><\/p>\n<p><img loading=\"lazy\" decoding=\"async\" class=\"alignnone size-full wp-image-2505\" src=\"https:\/\/tina-am-see.de\/wpe\/wp-content\/uploads\/2021\/04\/Westerberg_TK.jpg\" alt=\"\" width=\"222\" height=\"147\" \/><img loading=\"lazy\" decoding=\"async\" class=\"alignnone size-full wp-image-1959\" src=\"https:\/\/tina-am-see.de\/wpe\/wp-content\/uploads\/2020\/04\/Westerberg_TK.jpg\" alt=\"\" width=\"222\" height=\"147\" \/><\/p>\n<p><span style=\"font-size: 10pt;\">Bilder:<\/span><\/p>\n","protected":false},"excerpt":{"rendered":"<p>F\u00fcr 1-2 Personen (ca. 15 m\u00b2) das Zimmer liegt im Erdgeschoss und bietet Seeblick. Der Zugang erfolgt durch eine eigene Eingangst\u00fcre direkt vom Au\u00dfenbereich. Es ist ausgestattet mit einem Doppelbett (Breite 1,40 m), Bad mit Du\/WC, Haarf\u00f6n, Sitzgelegenheit, TV und [&hellip;]<\/p>\n","protected":false},"author":1,"featured_media":2304,"parent":2130,"menu_order":0,"comment_status":"closed","ping_status":"closed","template":"page-templates\/gallery.php","meta":{"footnotes":""},"class_list":["post-376","page","type-page","status-publish","has-post-thumbnail","hentry"],"_links":{"self":[{"href":"https:\/\/tina-am-see.de\/wpe\/wp-json\/wp\/v2\/pages\/376","targetHints":{"allow":["GET"]}}],"collection":[{"href":"https:\/\/tina-am-see.de\/wpe\/wp-json\/wp\/v2\/pages"}],"about":[{"href":"https:\/\/tina-am-see.de\/wpe\/wp-json\/wp\/v2\/types\/page"}],"author":[{"embeddable":true,"href":"https:\/\/tina-am-see.de\/wpe\/wp-json\/wp\/v2\/users\/1"}],"replies":[{"embeddable":true,"href":"https:\/\/tina-am-see.de\/wpe\/wp-json\/wp\/v2\/comments?post=376"}],"version-history":[{"count":10,"href":"https:\/\/tina-am-see.de\/wpe\/wp-json\/wp\/v2\/pages\/376\/revisions"}],"predecessor-version":[{"id":2260,"href":"https:\/\/tina-am-see.de\/wpe\/wp-json\/wp\/v2\/pages\/376\/revisions\/2260"}],"up":[{"embeddable":true,"href":"https:\/\/tina-am-see.de\/wpe\/wp-json\/wp\/v2\/pages\/2130"}],"wp:featuredmedia":[{"embeddable":true,"href":"https:\/\/tina-am-see.de\/wpe\/wp-json\/wp\/v2\/media\/2304"}],"wp:attachment":[{"href":"https:\/\/tina-am-see.de\/wpe\/wp-json\/wp\/v2\/media?parent=376"}],"curies":[{"name":"wp","href":"https:\/\/api.w.org\/{rel}","templated":true}]}}