{"id":381,"date":"2017-02-11T21:38:56","date_gmt":"2017-02-11T20:38:56","guid":{"rendered":"http:\/\/ght-web.siteos.de\/wpe\/?page_id=381"},"modified":"2021-04-22T09:17:03","modified_gmt":"2021-04-22T07:17:03","slug":"ferienwohnung-og-balkon","status":"publish","type":"page","link":"https:\/\/tina-am-see.de\/wpe\/wohneinheiten\/ferienwohnung-og-balkon\/","title":{"rendered":"Appartement &#8222;Brecherspitz&#8220;"},"content":{"rendered":"<p><span style=\"font-size: 10pt;\">F\u00fcr 2-4 Personen (ca. 43 m\u00b2)<\/span><\/p>\n<p><span style=\"font-size: 10pt;\">das Appartement liegt im Obergeschoss und bietet Wohn- und Schlafzimmer sowie zwei B\u00e4der mit Dusche\/WC.\u00a0<\/span><\/p>\n<p><span style=\"font-size: 10pt;\">Die Wohneinheit verf\u00fcgt \u00fcber einen eigenen Balkon. Sie finden dort einen kleinen Tisch mit zwei St\u00fchlen sowie einem Sonnenschirm vor. Unser G\u00e4ste nutzen diesen Platz gerne bereits zum Fr\u00fchst\u00fccken oder auch abends zum gem\u00fctlichen Verweilen.<\/span><\/p>\n<p><span style=\"font-size: 10pt;\">Ausgestattet mit K\u00fcchenzeile, Sitzgelegenheit, Couch, TV und Musikanlage. W-Lan stellen wir Ihnen kostenfrei zur Verf\u00fcgung. Bettw\u00e4sche, Handt\u00fccher und Endreinigung sind bereits im Preis inbegriffen.<\/span><\/p>\n<p><span style=\"font-size: 10pt;\">W\u00e4hrend der Hauptsaison liegt der Mindestaufenthalt bei 7 Tagen mit Anreisetag Samstag oder Sonntag.<\/span><\/p>\n<p><span style=\"font-size: 10pt;\">Preis ab \u20ac 75,-<\/span><\/p>\n<p><span style=\"font-size: 10pt;\">Grundriss:<\/span><\/p>\n<p><img loading=\"lazy\" decoding=\"async\" class=\"alignnone size-full wp-image-2039\" src=\"https:\/\/tina-am-see.de\/wpe\/wp-content\/uploads\/2020\/04\/Brecherspitz_TK.jpg\" alt=\"\" width=\"305\" height=\"290\" srcset=\"https:\/\/tina-am-see.de\/wpe\/wp-content\/uploads\/2020\/04\/Brecherspitz_TK.jpg 305w, https:\/\/tina-am-see.de\/wpe\/wp-content\/uploads\/2020\/04\/Brecherspitz_TK-300x285.jpg 300w\" sizes=\"auto, (max-width: 305px) 100vw, 305px\" \/><\/p>\n<p><span style=\"font-size: 10pt;\">Bilder:<\/span><\/p>\n","protected":false},"excerpt":{"rendered":"<p>F\u00fcr 2-4 Personen (ca. 43 m\u00b2) das Appartement liegt im Obergeschoss und bietet Wohn- und Schlafzimmer sowie zwei B\u00e4der mit Dusche\/WC.\u00a0 Die Wohneinheit verf\u00fcgt \u00fcber einen eigenen Balkon. Sie finden dort einen kleinen Tisch mit zwei St\u00fchlen sowie einem Sonnenschirm [&hellip;]<\/p>\n","protected":false},"author":1,"featured_media":2391,"parent":2130,"menu_order":0,"comment_status":"closed","ping_status":"closed","template":"page-templates\/gallery.php","meta":{"footnotes":""},"class_list":["post-381","page","type-page","status-publish","has-post-thumbnail","hentry"],"_links":{"self":[{"href":"https:\/\/tina-am-see.de\/wpe\/wp-json\/wp\/v2\/pages\/381","targetHints":{"allow":["GET"]}}],"collection":[{"href":"https:\/\/tina-am-see.de\/wpe\/wp-json\/wp\/v2\/pages"}],"about":[{"href":"https:\/\/tina-am-see.de\/wpe\/wp-json\/wp\/v2\/types\/page"}],"author":[{"embeddable":true,"href":"https:\/\/tina-am-see.de\/wpe\/wp-json\/wp\/v2\/users\/1"}],"replies":[{"embeddable":true,"href":"https:\/\/tina-am-see.de\/wpe\/wp-json\/wp\/v2\/comments?post=381"}],"version-history":[{"count":10,"href":"https:\/\/tina-am-see.de\/wpe\/wp-json\/wp\/v2\/pages\/381\/revisions"}],"predecessor-version":[{"id":2383,"href":"https:\/\/tina-am-see.de\/wpe\/wp-json\/wp\/v2\/pages\/381\/revisions\/2383"}],"up":[{"embeddable":true,"href":"https:\/\/tina-am-see.de\/wpe\/wp-json\/wp\/v2\/pages\/2130"}],"wp:featuredmedia":[{"embeddable":true,"href":"https:\/\/tina-am-see.de\/wpe\/wp-json\/wp\/v2\/media\/2391"}],"wp:attachment":[{"href":"https:\/\/tina-am-see.de\/wpe\/wp-json\/wp\/v2\/media?parent=381"}],"curies":[{"name":"wp","href":"https:\/\/api.w.org\/{rel}","templated":true}]}}