{"id":827,"date":"2017-02-14T11:32:07","date_gmt":"2017-02-14T10:32:07","guid":{"rendered":"http:\/\/ght-web.siteos.de\/wpe\/?page_id=827"},"modified":"2017-02-24T18:36:43","modified_gmt":"2017-02-24T17:36:43","slug":"skifahren_snowboard","status":"publish","type":"page","link":"https:\/\/tina-am-see.de\/wpe\/winterzauber\/skifahren_snowboard\/","title":{"rendered":"Ski \/ Snowboard"},"content":{"rendered":"<h5 class=\"bodytext\">Das Skigebiet Spitzingsee-Tegernsee<\/h5>\n<p class=\"bodytext\">20 Kilometer Pr\u00e4parierte Pisten und variantenreiche Abfahrten erwarten Sie in einem der beliebtesten Skigebiete Deutschlands, dem Skigebiet Spitzingsee-Tegernsee! Moderne Beschneiungsanlagen, der Snowpark Spitzingsee und urige H\u00fctten machen das Gebiet &#8222;jung &amp; schneesicher&#8220;. 10 leistungsstarke Lifte sorgen f\u00fcr geringe Wartezeiten.\u00a0Ein weiteres &#8222;Schmankerl&#8220; f\u00fcr Skifahrer ist der Flutlichtbetrieb Donnerstag und Freitag. Hier bringt Sie ein eigener Nachtskibus von Schliersee \u00fcber Neuhaus und Josefstal ins Skigebiet Spitzingsee-Tegernsee. Preise und Infos: <a href=\"http:\/\/www.alpenbahnen-spitzingsee.de\/\">www.alpenbahnen-spitzingsee.de<\/a><\/p>\n<h5 class=\"csc-header csc-header-n1\">Skiparadies Sudelfeld<\/h5>\n<p class=\"bodytext\">Oberhalb von Bayrischzell wartet eines der familienfreundlichsten und gem\u00fctlichsten\u00a0 Skigebiet in Bayern darauf, entdeckt und erobert zu werden: das Skiparadies Sudelfeld! Offene und breite Wiesenh\u00e4nge, imposante Bergkulisse und insgesamt 18 Liftanlagen erschlie\u00dfen ein Skigebiet, in dem es so schnell nicht langweilig wird! Dabei finden im Unteren Sudelfeld rund um Waldkopf und Schindelberger Alm vor allem Anf\u00e4nger das passende Gel\u00e4nde: So haben in den Skikinderg\u00e4rten, an den Wedelliften und am Hotelhang schon Generationen von Kindern das Skifahren gelernt! Experten zieht es auch in Richtung Rosengasse, Voglsang, runter nach Bayrischzell oder auf die FIS-Strecke am Waldkopf mit seiner neuen 6er Sesselbahn. Hier warten steile und rassige Abfahrten auf Sie, bei Tiefschnee ist hier auch genug Platz, um auch breite Freerideski ordentlich zu fordern. Und wenn Sie es nicht so sportlich brauchen, dann ziehen Sie Ihre Schw\u00fcnge am Sudelfeldkopf, auf der Herrenabfahrt oder rund um die Grafenherberge &#8211; dank erweiterten Beschneiung sind die Abfahrten schneesicher bis ins Fr\u00fchjahr. Nicht zu steil, dabei aber nirgends langweilig und immer: Traumblick inklusive und die n\u00e4chste H\u00fctte ist garantiert nicht weit! Preise und Infos: <a href=\"http:\/\/www.sudelfeld.de\/\">www.sudelfeld.de<\/a><\/p>\n<h5 class=\"bodytext\">Actionwelt Sudelfeld<\/h5>\n<article class=\"eight columns\">\n<p class=\"bodytext\">Rund um die Wedellifte und den Unteren Sudelfeldlift entsteht seit dem Winter 2015\/2016 die neue Actionwelt Sudelfeld mit Funpark und Funslope: ein perfektes Angebot f\u00fcr alle Freeskier und Snowboarder &#8211; aber auch f\u00fcr Anf\u00e4nger! An den Wedelliften wird ein professioneller Park geshapt mit Kickern, Rails und Obstacles, der sowohl f\u00fcr Anf\u00e4nger als auch f\u00fcr Fortgeschrittene geeignet ist. Das Team von Schneestern ist f\u00fcr den Funpark zust\u00e4ndig &#8211; so ist immer hohe Qualit\u00e4t garantiert. Nat\u00fcrlich ist die Benutzung des Snowparks im Skipass inklusive. Au\u00dferdem entsteht im Bereich des Unteren Sudelfeldlifts eine neue Funslope: eine permanent eingerichtete und gesicherte Strecke mit Spr\u00fcngen, Steilkurven und vielen weiteren Obstacles.<a href=\"http:\/\/www.actionwelt-sudelfeld.de\/\">www.actionwelt-sudelfeld.de<\/a>   <\/p>\n<\/article>\n<h5 class=\"title\">Wendelstein<\/h5>\n<p class=\"bodytext\">Der Wendelstein gilt als einer DER Geheimtipps f\u00fcr Freerider und Variantenskifahrer! Man k\u00f6nnte auch sagen &#8218;Chamonix von Oberbayern&#8216;! Sp\u00e4testens, wenn Sie aus der Gondel oder der Zahlradbahn ausgestiegen sind, dann wissen Sie auch, warum! Hier wartet gleich mal der Hotelhang &#8211; am besten nicht lange warten und gleich rein ins steile Gel\u00e4nde! Lediglich die Talabfahrt nach Bayrischzell und die Abfahrten am Lacher- und Bocklift sind pr\u00e4pariert &#8211; ein Gro\u00dfteil des Gel\u00e4ndes ist allerdings so steil, dass eine Pr\u00e4paration nicht m\u00f6glich ist! Also: Freeride at its best ist angesagt! H\u00f6hepunkt &#8211; neben den unz\u00e4hligen Varianten, die Sie sich am besten von einem der Locals in den Skischulen zeigen lassen &#8211; ist allerdings die Abfahrt hinunter zur Mitteralm. Hier hei\u00dft es: wer es bis hinunter ohne Pause schafft, der hat ordentlich Kraft in den Beinen! \u00a0Selbstverst\u00e4ndlich: entsprechende Ausr\u00fcstung und die Kenntnis der alpinen Gefahren &#8211; dann steht einem unvergesslichen Tag am Wendelstein nichts mehr im Weg! Preise und Infos: <a href=\"https:\/\/www.wendelsteinbahn.de\/\">www.wendelsteinbahn.de<\/a> <\/p>\n<h5 class=\"bodytext\">Skitouren<\/h5>\n<p>In der Region Schliersee erwartet Skitourengeher ein wahres Paradies mit abwechslungsreichen Wegen und einem einmaligen Ausblick auf die Berge, den Schliersee oder den Spitzingsee. Besonders geeignet f\u00fcr Skitouren ist das Taubensteingebiet am Spitzingsee. Im Winter ist der Bahnbetrieb der Alpenbahnen Spitzingsee hier eingestellt.<\/p>\n<h5 class=\"title\"><\/h5>\n","protected":false},"excerpt":{"rendered":"<p>Das Skigebiet Spitzingsee-Tegernsee 20 Kilometer Pr\u00e4parierte Pisten und variantenreiche Abfahrten erwarten Sie in einem der beliebtesten Skigebiete Deutschlands, dem Skigebiet Spitzingsee-Tegernsee! Moderne Beschneiungsanlagen, der Snowpark Spitzingsee und urige H\u00fctten machen das Gebiet &#8222;jung &amp; schneesicher&#8220;. 10 leistungsstarke Lifte sorgen f\u00fcr [&hellip;]<\/p>\n","protected":false},"author":1,"featured_media":0,"parent":367,"menu_order":3,"comment_status":"closed","ping_status":"closed","template":"page-templates\/attraction.php","meta":{"footnotes":""},"class_list":["post-827","page","type-page","status-publish","hentry"],"_links":{"self":[{"href":"https:\/\/tina-am-see.de\/wpe\/wp-json\/wp\/v2\/pages\/827","targetHints":{"allow":["GET"]}}],"collection":[{"href":"https:\/\/tina-am-see.de\/wpe\/wp-json\/wp\/v2\/pages"}],"about":[{"href":"https:\/\/tina-am-see.de\/wpe\/wp-json\/wp\/v2\/types\/page"}],"author":[{"embeddable":true,"href":"https:\/\/tina-am-see.de\/wpe\/wp-json\/wp\/v2\/users\/1"}],"replies":[{"embeddable":true,"href":"https:\/\/tina-am-see.de\/wpe\/wp-json\/wp\/v2\/comments?post=827"}],"version-history":[{"count":11,"href":"https:\/\/tina-am-see.de\/wpe\/wp-json\/wp\/v2\/pages\/827\/revisions"}],"predecessor-version":[{"id":1601,"href":"https:\/\/tina-am-see.de\/wpe\/wp-json\/wp\/v2\/pages\/827\/revisions\/1601"}],"up":[{"embeddable":true,"href":"https:\/\/tina-am-see.de\/wpe\/wp-json\/wp\/v2\/pages\/367"}],"wp:attachment":[{"href":"https:\/\/tina-am-see.de\/wpe\/wp-json\/wp\/v2\/media?parent=827"}],"curies":[{"name":"wp","href":"https:\/\/api.w.org\/{rel}","templated":true}]}}