{"id":950,"date":"2017-02-14T20:45:10","date_gmt":"2017-02-14T19:45:10","guid":{"rendered":"http:\/\/ght-web.siteos.de\/wpe\/?page_id=950"},"modified":"2022-08-24T06:26:45","modified_gmt":"2022-08-24T04:26:45","slug":"winterwandern","status":"publish","type":"page","link":"https:\/\/tina-am-see.de\/wpe\/winterzauber\/winterwandern\/","title":{"rendered":"Winterwandern"},"content":{"rendered":"<nav id=\"breadcrumb\"><\/nav>\n<article class=\"eight columns\">\n<h2 class=\"title\">Zu Fu\u00df in den Winter<\/h2>\n<p class=\"bodytext\"><b>Winterwandern<\/b> &#8211; das hei\u00dft vor allem: Natur pur mit allen Sinnen genie\u00dfen! Durch tief verschneite W\u00e4lder spazieren, entlang traumhafter Seen, traumhafte Aussichten und die klirrende K\u00e4lte genie\u00dfen! Der Winter bietet viele eindrucksvolle Facetten!<\/p>\n<p>Insgesamt werden f\u00fcr Sie in der Alpenregion Tegernsee Schliersee 200 Kilometer Winterwanderwege ger\u00e4umt und markiert, die auch abseits der Pisten und Loipen zum Wintergenuss einladen. Entlang der drei gro\u00dfen Seen Tegernsee, Schliersee und Spitzingsee sind die Wege komplett ger\u00e4umt und pr\u00e4pariert &#8211; festes Schuhwerk vorausgesetzt steht hier einer gem\u00fctlichen Wanderung nichts mehr im Weg.<\/p>\n<p class=\"bodytext\">Wenn Sie es sportlicher m\u00f6gen, dann warten auch einige steilere Anstiege auf Sie. Oben angekommen werden Sie mit herrlichen Ausblicken belohnt, die Sie so nur im Winter erleben k\u00f6nnen.<\/p>\n<p class=\"bodytext\">Eine gem\u00fctliche Einkehr nach dem Anstieg ist bei vielen Touren m\u00f6glich und darf selbstverst\u00e4ndlich nicht fehlen.<\/p>\n<p><strong>Die folgenden Touren empfiehlt der Tourismusverband der Alpenregion Tegernsee Schliersee:<br \/>\n<\/strong><br \/>\nRund um den Schliersee<br \/>\nRund um den Spitzingsee<br \/>\nWinterwanderung auf die Schliersbergalm<br \/>\nWinterwanderung \u00fcber die Firstalmen zum Bodenschneidhaus<br \/>\nVon Gmund auf die Neureuth<br \/>\nWinterwandern: Gindelalmschneid<br \/>\nVom Hennerer zum Bodenschneidhaus<\/p>\n<\/article>\n","protected":false},"excerpt":{"rendered":"<p>Zu Fu\u00df in den Winter Winterwandern &#8211; das hei\u00dft vor allem: Natur pur mit allen Sinnen genie\u00dfen! Durch tief verschneite W\u00e4lder spazieren, entlang traumhafter Seen, traumhafte Aussichten und die klirrende K\u00e4lte genie\u00dfen! Der Winter bietet viele eindrucksvolle Facetten! Insgesamt werden [&hellip;]<\/p>\n","protected":false},"author":1,"featured_media":0,"parent":367,"menu_order":1,"comment_status":"closed","ping_status":"closed","template":"page-templates\/attractions.php","meta":{"footnotes":""},"class_list":["post-950","page","type-page","status-publish","hentry"],"_links":{"self":[{"href":"https:\/\/tina-am-see.de\/wpe\/wp-json\/wp\/v2\/pages\/950","targetHints":{"allow":["GET"]}}],"collection":[{"href":"https:\/\/tina-am-see.de\/wpe\/wp-json\/wp\/v2\/pages"}],"about":[{"href":"https:\/\/tina-am-see.de\/wpe\/wp-json\/wp\/v2\/types\/page"}],"author":[{"embeddable":true,"href":"https:\/\/tina-am-see.de\/wpe\/wp-json\/wp\/v2\/users\/1"}],"replies":[{"embeddable":true,"href":"https:\/\/tina-am-see.de\/wpe\/wp-json\/wp\/v2\/comments?post=950"}],"version-history":[{"count":10,"href":"https:\/\/tina-am-see.de\/wpe\/wp-json\/wp\/v2\/pages\/950\/revisions"}],"predecessor-version":[{"id":2727,"href":"https:\/\/tina-am-see.de\/wpe\/wp-json\/wp\/v2\/pages\/950\/revisions\/2727"}],"up":[{"embeddable":true,"href":"https:\/\/tina-am-see.de\/wpe\/wp-json\/wp\/v2\/pages\/367"}],"wp:attachment":[{"href":"https:\/\/tina-am-see.de\/wpe\/wp-json\/wp\/v2\/media?parent=950"}],"curies":[{"name":"wp","href":"https:\/\/api.w.org\/{rel}","templated":true}]}}