{"id":952,"date":"2017-02-14T20:45:56","date_gmt":"2017-02-14T19:45:56","guid":{"rendered":"http:\/\/ght-web.siteos.de\/wpe\/?page_id=952"},"modified":"2017-02-28T18:36:44","modified_gmt":"2017-02-28T17:36:44","slug":"langlaufen_nordic-sports","status":"publish","type":"page","link":"https:\/\/tina-am-see.de\/wpe\/winterzauber\/langlaufen_nordic-sports\/","title":{"rendered":"Langlaufen \/ Nordic Sports"},"content":{"rendered":"<p>Insgesamt 250 km gespurte und bestens pr\u00e4parierte Langlaufloipen warten in der Alpenregion Tegernsee Schliersee auf Sie!<\/p>\n<p>Dabei verzaubern die Loipen vor allem durch die landschaftliche Sch\u00f6nheit und Schneesicherheit \u2013 ob die Runde in der Valepp am Spitzingsee, die Loipe bis ins Kloo-Ascher-Tal bei Bayrischzell, im sonnigen Leitzachtal oder entlang der Weissach bei Kreuth.<\/p>\n<p><strong>Folgende Loipen empfiehlt der Tourismusverband der Alpenregion Tegernsee Schliersee:<\/strong><\/p>\n<p>KIRCHBICHLLOIPE<br \/>\nVALEPPER ALMEN LOIPEN<br \/>\nHEIMATSAU LOIPE<br \/>\nFISCHHAUSEN LOIPE<\/p>\n<p><strong>Nachtloipen<br \/>\n<\/strong>Wer am Tag nicht die M\u00f6glichkeit hat, eine Runde langlaufen zu gehen, f\u00fcr den sind die Nachtloipen in der Region genau das richtige. Dabei werden jeweils Runden von 1 bis 3 Kilometer f\u00fcr mehrere Stunden beleuchtet:<\/p>\n<p>Schliersee: Neuhaus, t\u00e4glich beleuchtet<br \/>\nFischbachau: Nachtloipe am Sportplatz, t\u00e4glich beleuchtet<br \/>\nBad Wiessee: Sportplatzloipe, t\u00e4glich beleuchtet<br \/>\nKreuth: Brunnbichl, t\u00e4glich beleuchtet<\/p>\n<p><strong>Langlaufschulen und Verleihstationen<strong><br \/>\n<\/strong><\/strong>Nordic-Aktiv-Schule Bayrischzell<br \/>\nAlpenstra\u00dfe 70, 83735 Bayrischzell,\u00a0<label>Telefon:<\/label>+49 8023 9123<br \/>\n<label>Internet:<\/label><a href=\"http:\/\/www.nordic-aktiv-schule.de\/\" target=\"_blank\">www.nordic-aktiv-schule.de<\/a><\/p>\n","protected":false},"excerpt":{"rendered":"<p>Insgesamt 250 km gespurte und bestens pr\u00e4parierte Langlaufloipen warten in der Alpenregion Tegernsee Schliersee auf Sie! Dabei verzaubern die Loipen vor allem durch die landschaftliche Sch\u00f6nheit und Schneesicherheit \u2013 ob die Runde in der Valepp am Spitzingsee, die Loipe bis [&hellip;]<\/p>\n","protected":false},"author":1,"featured_media":1617,"parent":367,"menu_order":5,"comment_status":"closed","ping_status":"closed","template":"page-templates\/attractions.php","meta":{"footnotes":""},"class_list":["post-952","page","type-page","status-publish","has-post-thumbnail","hentry"],"_links":{"self":[{"href":"https:\/\/tina-am-see.de\/wpe\/wp-json\/wp\/v2\/pages\/952","targetHints":{"allow":["GET"]}}],"collection":[{"href":"https:\/\/tina-am-see.de\/wpe\/wp-json\/wp\/v2\/pages"}],"about":[{"href":"https:\/\/tina-am-see.de\/wpe\/wp-json\/wp\/v2\/types\/page"}],"author":[{"embeddable":true,"href":"https:\/\/tina-am-see.de\/wpe\/wp-json\/wp\/v2\/users\/1"}],"replies":[{"embeddable":true,"href":"https:\/\/tina-am-see.de\/wpe\/wp-json\/wp\/v2\/comments?post=952"}],"version-history":[{"count":10,"href":"https:\/\/tina-am-see.de\/wpe\/wp-json\/wp\/v2\/pages\/952\/revisions"}],"predecessor-version":[{"id":1672,"href":"https:\/\/tina-am-see.de\/wpe\/wp-json\/wp\/v2\/pages\/952\/revisions\/1672"}],"up":[{"embeddable":true,"href":"https:\/\/tina-am-see.de\/wpe\/wp-json\/wp\/v2\/pages\/367"}],"wp:featuredmedia":[{"embeddable":true,"href":"https:\/\/tina-am-see.de\/wpe\/wp-json\/wp\/v2\/media\/1617"}],"wp:attachment":[{"href":"https:\/\/tina-am-see.de\/wpe\/wp-json\/wp\/v2\/media?parent=952"}],"curies":[{"name":"wp","href":"https:\/\/api.w.org\/{rel}","templated":true}]}}